{"id":6011,"date":"2023-07-18T11:53:44","date_gmt":"2023-07-18T09:53:44","guid":{"rendered":"https:\/\/mapiscine.ch\/?page_id=6011"},"modified":"2023-07-27T07:44:49","modified_gmt":"2023-07-27T05:44:49","slug":"form","status":"publish","type":"page","link":"https:\/\/mapiscine.ch\/en\/form\/","title":{"rendered":"Form"},"content":{"rendered":"<div data-elementor-type=\"wp-page\" data-elementor-id=\"6011\" class=\"elementor elementor-6011\" data-elementor-post-type=\"page\">\n\t\t\t\t\t\t<section class=\"elementor-section elementor-top-section elementor-element elementor-element-55f943f elementor-section-boxed elementor-section-height-default elementor-section-height-default\" data-id=\"55f943f\" data-element_type=\"section\">\n\t\t\t\t\t\t<div class=\"elementor-container elementor-column-gap-default\">\n\t\t\t\t\t<div class=\"elementor-column elementor-col-100 elementor-top-column elementor-element elementor-element-a72dae9\" data-id=\"a72dae9\" data-element_type=\"column\">\n\t\t\t<div class=\"elementor-widget-wrap elementor-element-populated\">\n\t\t\t\t\t\t<section class=\"elementor-section elementor-inner-section elementor-element elementor-element-398c23e3 elementor-section-height-min-height elementor-section-boxed elementor-section-height-default\" data-id=\"398c23e3\" data-element_type=\"section\">\n\t\t\t\t\t\t<div class=\"elementor-container elementor-column-gap-no\">\n\t\t\t\t\t<div class=\"elementor-column elementor-col-50 elementor-inner-column elementor-element elementor-element-5eb64156\" data-id=\"5eb64156\" data-element_type=\"column\">\n\t\t\t<div class=\"elementor-widget-wrap elementor-element-populated\">\n\t\t\t\t\t\t<div class=\"elementor-element elementor-element-2a948163 elementor-widget elementor-widget-image\" data-id=\"2a948163\" data-element_type=\"widget\" data-widget_type=\"image.default\">\n\t\t\t\t<div class=\"elementor-widget-container\">\n\t\t\t\t\t\t\t\t\t\t\t\t\t\t\t<img fetchpriority=\"high\" decoding=\"async\" width=\"1732\" height=\"387\" src=\"https:\/\/mapiscine.ch\/wp-content\/uploads\/2022\/11\/nouveau-logo.png\" class=\"attachment-full size-full wp-image-5834\" alt=\"\" srcset=\"https:\/\/mapiscine.ch\/wp-content\/uploads\/2022\/11\/nouveau-logo.png 1732w, https:\/\/mapiscine.ch\/wp-content\/uploads\/2022\/11\/nouveau-logo-300x67.png 300w, https:\/\/mapiscine.ch\/wp-content\/uploads\/2022\/11\/nouveau-logo-1024x229.png 1024w, https:\/\/mapiscine.ch\/wp-content\/uploads\/2022\/11\/nouveau-logo-768x172.png 768w, https:\/\/mapiscine.ch\/wp-content\/uploads\/2022\/11\/nouveau-logo-1536x343.png 1536w, https:\/\/mapiscine.ch\/wp-content\/uploads\/2022\/11\/nouveau-logo-18x4.png 18w\" sizes=\"(max-width: 1732px) 100vw, 1732px\" \/>\t\t\t\t\t\t\t\t\t\t\t\t\t\t\t<\/div>\n\t\t\t\t<\/div>\n\t\t\t\t\t<\/div>\n\t\t<\/div>\n\t\t\t\t<div class=\"elementor-column elementor-col-50 elementor-inner-column elementor-element elementor-element-75a2d1fc\" data-id=\"75a2d1fc\" data-element_type=\"column\">\n\t\t\t<div class=\"elementor-widget-wrap elementor-element-populated\">\n\t\t\t\t\t\t<div class=\"elementor-element elementor-element-4468ce51 elementor-nav-menu__align-end elementor-nav-menu--dropdown-tablet elementor-nav-menu__text-align-aside elementor-nav-menu--toggle elementor-nav-menu--burger elementor-widget elementor-widget-nav-menu\" data-id=\"4468ce51\" data-element_type=\"widget\" data-settings=\"{&quot;layout&quot;:&quot;horizontal&quot;,&quot;submenu_icon&quot;:{&quot;value&quot;:&quot;&lt;i class=\\&quot;fas fa-caret-down\\&quot;&gt;&lt;\\\/i&gt;&quot;,&quot;library&quot;:&quot;fa-solid&quot;},&quot;toggle&quot;:&quot;burger&quot;}\" data-widget_type=\"nav-menu.default\">\n\t\t\t\t<div class=\"elementor-widget-container\">\n\t\t\t\t\t\t\t\t<nav aria-label=\"Menu\" class=\"elementor-nav-menu--main elementor-nav-menu__container elementor-nav-menu--layout-horizontal e--pointer-text e--animation-grow\">\n\t\t\t\t<ul id=\"menu-1-4468ce51\" class=\"elementor-nav-menu\"><li class=\"trp-language-switcher-container menu-item menu-item-type-post_type menu-item-object-language_switcher current-language-menu-item menu-item-295\"><a href=\"https:\/\/mapiscine.ch\/en\/wp-json\/wp\/v2\/pages\/6011\" class=\"elementor-item elementor-item-anchor menu-link\"><span data-no-translation><span class=\"trp-ls-language-name\">FRAN\u00c7AIS<\/span><\/span><\/a><\/li>\n<li class=\"trp-language-switcher-container menu-item menu-item-type-post_type menu-item-object-language_switcher current-language-menu-item menu-item-294\"><a href=\"https:\/\/mapiscine.ch\/en\/wp-json\/wp\/v2\/pages\/6011\" class=\"elementor-item elementor-item-anchor menu-link\"><span data-no-translation><span class=\"trp-ls-language-name\">ANGLAIS<\/span><\/span><\/a><\/li>\n<\/ul>\t\t\t<\/nav>\n\t\t\t\t\t<div class=\"elementor-menu-toggle\" role=\"button\" tabindex=\"0\" aria-label=\"Menu Toggle\" aria-expanded=\"false\">\n\t\t\t<i aria-hidden=\"true\" role=\"presentation\" class=\"elementor-menu-toggle__icon--open eicon-menu-bar\"><\/i><i aria-hidden=\"true\" role=\"presentation\" class=\"elementor-menu-toggle__icon--close eicon-close\"><\/i>\t\t<\/div>\n\t\t\t\t\t<nav class=\"elementor-nav-menu--dropdown elementor-nav-menu__container\" aria-hidden=\"true\">\n\t\t\t\t<ul id=\"menu-2-4468ce51\" class=\"elementor-nav-menu\"><li class=\"trp-language-switcher-container menu-item menu-item-type-post_type menu-item-object-language_switcher current-language-menu-item menu-item-295\"><a href=\"https:\/\/mapiscine.ch\/en\/wp-json\/wp\/v2\/pages\/6011\" class=\"elementor-item elementor-item-anchor menu-link\" tabindex=\"-1\"><span data-no-translation><span class=\"trp-ls-language-name\">FRAN\u00c7AIS<\/span><\/span><\/a><\/li>\n<li class=\"trp-language-switcher-container menu-item menu-item-type-post_type menu-item-object-language_switcher current-language-menu-item menu-item-294\"><a href=\"https:\/\/mapiscine.ch\/en\/wp-json\/wp\/v2\/pages\/6011\" class=\"elementor-item elementor-item-anchor menu-link\" tabindex=\"-1\"><span data-no-translation><span class=\"trp-ls-language-name\">ANGLAIS<\/span><\/span><\/a><\/li>\n<\/ul>\t\t\t<\/nav>\n\t\t\t\t\t\t<\/div>\n\t\t\t\t<\/div>\n\t\t\t\t\t<\/div>\n\t\t<\/div>\n\t\t\t\t\t<\/div>\n\t\t<\/section>\n\t\t\t\t\t<\/div>\n\t\t<\/div>\n\t\t\t\t\t<\/div>\n\t\t<\/section>\n\t\t\t\t<section class=\"elementor-section elementor-top-section elementor-element elementor-element-7d5c97c elementor-section-height-min-height elementor-section-boxed elementor-section-height-default elementor-section-items-middle\" data-id=\"7d5c97c\" data-element_type=\"section\" data-settings=\"{&quot;background_background&quot;:&quot;classic&quot;}\">\n\t\t\t\t\t\t\t<div class=\"elementor-background-overlay\"><\/div>\n\t\t\t\t\t\t\t<div class=\"elementor-container elementor-column-gap-default\">\n\t\t\t\t\t<div class=\"elementor-column elementor-col-50 elementor-top-column elementor-element elementor-element-00f2bdd\" data-id=\"00f2bdd\" data-element_type=\"column\">\n\t\t\t<div class=\"elementor-widget-wrap elementor-element-populated\">\n\t\t\t\t\t\t<div class=\"elementor-element elementor-element-b6ec181 elementor-widget elementor-widget-heading\" data-id=\"b6ec181\" data-element_type=\"widget\" data-widget_type=\"heading.default\">\n\t\t\t\t<div class=\"elementor-widget-container\">\n\t\t\t\t\t<h1 class=\"elementor-heading-title elementor-size-default\">Download our <br>catalogue<\/h1>\t\t\t\t<\/div>\n\t\t\t\t<\/div>\n\t\t\t\t<div class=\"elementor-element elementor-element-d798610 elementor-widget elementor-widget-heading\" data-id=\"d798610\" data-element_type=\"widget\" data-widget_type=\"heading.default\">\n\t\t\t\t<div class=\"elementor-widget-container\">\n\t\t\t\t\t<h2 class=\"elementor-heading-title elementor-size-default\">Explorez notre gamme de piscines tendances et d\u00e9couvrez nos services en t\u00e9l\u00e9chargeant notre catalogue MaPiscine.ch!<\/h2>\t\t\t\t<\/div>\n\t\t\t\t<\/div>\n\t\t\t\t<div class=\"elementor-element elementor-element-afdcf82 elementor-icon-list--layout-inline elementor-align-center elementor-list-item-link-full_width elementor-widget elementor-widget-icon-list\" data-id=\"afdcf82\" data-element_type=\"widget\" data-widget_type=\"icon-list.default\">\n\t\t\t\t<div class=\"elementor-widget-container\">\n\t\t\t\t\t\t\t<ul class=\"elementor-icon-list-items elementor-inline-items\">\n\t\t\t\t\t\t\t<li class=\"elementor-icon-list-item elementor-inline-item\">\n\t\t\t\t\t\t\t\t\t\t\t<a href=\"https:\/\/mapiscine.ch\/en\/piscines\/\">\n\n\t\t\t\t\t\t\t\t\t\t\t<span class=\"elementor-icon-list-text\">Piscine<\/span>\n\t\t\t\t\t\t\t\t\t\t\t<\/a>\n\t\t\t\t\t\t\t\t\t<\/li>\n\t\t\t\t\t\t\t\t<li class=\"elementor-icon-list-item elementor-inline-item\">\n\t\t\t\t\t\t\t\t\t\t\t<a href=\"https:\/\/mapiscine.ch\/en\/spas\/\">\n\n\t\t\t\t\t\t\t\t\t\t\t<span class=\"elementor-icon-list-text\">Spa<\/span>\n\t\t\t\t\t\t\t\t\t\t\t<\/a>\n\t\t\t\t\t\t\t\t\t<\/li>\n\t\t\t\t\t\t\t\t<li class=\"elementor-icon-list-item elementor-inline-item\">\n\t\t\t\t\t\t\t\t\t\t\t<a href=\"https:\/\/mapiscine.ch\/en\/notre-savoir-faire\/#construction\">\n\n\t\t\t\t\t\t\t\t\t\t\t<span class=\"elementor-icon-list-text\">Construction<\/span>\n\t\t\t\t\t\t\t\t\t\t\t<\/a>\n\t\t\t\t\t\t\t\t\t<\/li>\n\t\t\t\t\t\t<\/ul>\n\t\t\t\t\t\t<\/div>\n\t\t\t\t<\/div>\n\t\t\t\t<div class=\"elementor-element elementor-element-05a9f55 elementor-grid-mobile-0 e-grid-align-left e-grid-align-mobile-center e-grid-align-tablet-left elementor-shape-rounded elementor-grid-0 elementor-widget elementor-widget-social-icons\" data-id=\"05a9f55\" data-element_type=\"widget\" data-widget_type=\"social-icons.default\">\n\t\t\t\t<div class=\"elementor-widget-container\">\n\t\t\t\t\t\t\t<div class=\"elementor-social-icons-wrapper elementor-grid\">\n\t\t\t\t\t\t\t<span class=\"elementor-grid-item\">\n\t\t\t\t\t<a class=\"elementor-icon elementor-social-icon elementor-social-icon-facebook elementor-repeater-item-c16af3f\" href=\"https:\/\/www.facebook.com\/mapiscine.ch\" target=\"_blank\">\n\t\t\t\t\t\t<span class=\"elementor-screen-only\">Facebook<\/span>\n\t\t\t\t\t\t<i class=\"fab fa-facebook\"><\/i>\t\t\t\t\t<\/a>\n\t\t\t\t<\/span>\n\t\t\t\t\t\t\t<span class=\"elementor-grid-item\">\n\t\t\t\t\t<a class=\"elementor-icon elementor-social-icon elementor-social-icon-instagram elementor-repeater-item-f1ea966\" href=\"https:\/\/www.instagram.com\/la.compagnie.du.bien.etre\" target=\"_blank\">\n\t\t\t\t\t\t<span class=\"elementor-screen-only\">Instagram<\/span>\n\t\t\t\t\t\t<i class=\"fab fa-instagram\"><\/i>\t\t\t\t\t<\/a>\n\t\t\t\t<\/span>\n\t\t\t\t\t\t\t<span class=\"elementor-grid-item\">\n\t\t\t\t\t<a class=\"elementor-icon elementor-social-icon elementor-social-icon-linkedin elementor-repeater-item-54b4c0c\" href=\"https:\/\/www.linkedin.com\/company\/la-compagnie-du-bien-%C3%AAtre\/\" target=\"_blank\">\n\t\t\t\t\t\t<span class=\"elementor-screen-only\">Linkedin<\/span>\n\t\t\t\t\t\t<i class=\"fab fa-linkedin\"><\/i>\t\t\t\t\t<\/a>\n\t\t\t\t<\/span>\n\t\t\t\t\t<\/div>\n\t\t\t\t\t\t<\/div>\n\t\t\t\t<\/div>\n\t\t\t\t\t<\/div>\n\t\t<\/div>\n\t\t\t\t<div class=\"elementor-column elementor-col-50 elementor-top-column elementor-element elementor-element-8e2b17b\" data-id=\"8e2b17b\" data-element_type=\"column\">\n\t\t\t<div class=\"elementor-widget-wrap elementor-element-populated\">\n\t\t\t\t\t\t<div class=\"elementor-element elementor-element-b2d289f elementor-widget elementor-widget-tp-contact-form-7\" data-id=\"b2d289f\" data-element_type=\"widget\" data-widget_type=\"tp-contact-form-7.default\">\n\t\t\t\t<div class=\"elementor-widget-container\">\n\t\t\t\t\t<div class=\"theplus-contact-form plus-cf7-label  text-center    after\" >\n<div class=\"wpcf7 no-js\" id=\"wpcf7-f6023-o1\" lang=\"en-US\" dir=\"ltr\" data-wpcf7-id=\"6023\">\n<div class=\"screen-reader-response\"><p role=\"status\" aria-live=\"polite\" aria-atomic=\"true\"><\/p> <ul><\/ul><\/div>\n<form action=\"\/en\/wp-json\/wp\/v2\/pages\/6011#wpcf7-f6023-o1\" method=\"post\" class=\"wpcf7-form init\" aria-label=\"Contact form\" novalidate=\"novalidate\" data-status=\"init\" data-trp-original-action=\"\/en\/wp-json\/wp\/v2\/pages\/6011#wpcf7-f6023-o1\">\n<fieldset class=\"hidden-fields-container\"><input type=\"hidden\" name=\"_wpcf7\" value=\"6023\" \/><input type=\"hidden\" name=\"_wpcf7_version\" value=\"6.1.5\" \/><input type=\"hidden\" name=\"_wpcf7_locale\" value=\"en_US\" \/><input type=\"hidden\" name=\"_wpcf7_unit_tag\" value=\"wpcf7-f6023-o1\" \/><input type=\"hidden\" name=\"_wpcf7_container_post\" value=\"0\" \/><input type=\"hidden\" name=\"_wpcf7_posted_data_hash\" value=\"\" \/>\n<\/fieldset>\n<p><label> Name*<br \/>\n<span class=\"wpcf7-form-control-wrap\" data-name=\"your-name\"><input size=\"40\" maxlength=\"400\" class=\"wpcf7-form-control wpcf7-text wpcf7-validates-as-required\" aria-required=\"true\" aria-invalid=\"false\" value=\"\" type=\"text\" name=\"your-name\" \/><\/span> <\/label>\n<\/p>\n<p><label> Email*<br \/>\n<span class=\"wpcf7-form-control-wrap\" data-name=\"your-email\"><input size=\"40\" maxlength=\"400\" class=\"wpcf7-form-control wpcf7-email wpcf7-validates-as-required wpcf7-text wpcf7-validates-as-email\" aria-required=\"true\" aria-invalid=\"false\" value=\"\" type=\"email\" name=\"your-email\" \/><\/span> <\/label>\n<\/p>\n<p><label> Tel*<br \/>\n<span class=\"wpcf7-form-control-wrap\" data-name=\"your-tel\"><input size=\"40\" maxlength=\"400\" class=\"wpcf7-form-control wpcf7-tel wpcf7-validates-as-required wpcf7-text wpcf7-validates-as-tel\" aria-required=\"true\" aria-invalid=\"false\" value=\"\" type=\"tel\" name=\"your-tel\" \/><\/span><br \/>\n<\/label>\n<\/p>\n<div id=\"cf7-form-submition\" data-file=\"Brochure-mapiscine.ch_\">\n<\/div>\n<div class=\"submit-wrapper\">\n\t<p><input class=\"wpcf7-form-control wpcf7-submit has-spinner\" type=\"submit\" value=\"Download\" \/>\n\t<\/p>\n<\/div><div class=\"wpcf7-response-output\" aria-hidden=\"true\"><\/div>\n<input type=\"hidden\" name=\"trp-form-language\" value=\"en\"\/><\/form>\n<\/div>\n<\/div>\t\t\t\t<\/div>\n\t\t\t\t<\/div>\n\t\t\t\t\t<\/div>\n\t\t<\/div>\n\t\t\t\t\t<\/div>\n\t\t<\/section>\n\t\t\t\t<\/div>","protected":false},"excerpt":{"rendered":"<p>T\u00e9l\u00e9charger notre catalogue Explorez notre gamme de piscines tendances et d\u00e9couvrez nos services en t\u00e9l\u00e9chargeant notre catalogue MaPiscine.ch! Piscine Spa Construction Facebook Instagram Linkedin Nom* Email* Tel*<\/p>","protected":false},"author":1,"featured_media":0,"parent":0,"menu_order":0,"comment_status":"closed","ping_status":"closed","template":"","meta":{"_uf_show_specific_survey":0,"_uf_disable_surveys":false,"site-sidebar-layout":"no-sidebar","site-content-layout":"page-builder","ast-site-content-layout":"default","site-content-style":"default","site-sidebar-style":"default","ast-global-header-display":"","ast-banner-title-visibility":"","ast-main-header-display":"","ast-hfb-above-header-display":"","ast-hfb-below-header-display":"","ast-hfb-mobile-header-display":"","site-post-title":"disabled","ast-breadcrumbs-content":"","ast-featured-img":"disabled","footer-sml-layout":"","ast-disable-related-posts":"","theme-transparent-header-meta":"","adv-header-id-meta":"","stick-header-meta":"","header-above-stick-meta":"","header-main-stick-meta":"","header-below-stick-meta":"","astra-migrate-meta-layouts":"default","ast-page-background-enabled":"default","ast-page-background-meta":{"desktop":{"background-color":"","background-image":"","background-repeat":"repeat","background-position":"center center","background-size":"auto","background-attachment":"scroll","background-type":"","background-media":"","overlay-type":"","overlay-color":"","overlay-opacity":"","overlay-gradient":""},"tablet":{"background-color":"","background-image":"","background-repeat":"repeat","background-position":"center center","background-size":"auto","background-attachment":"scroll","background-type":"","background-media":"","overlay-type":"","overlay-color":"","overlay-opacity":"","overlay-gradient":""},"mobile":{"background-color":"","background-image":"","background-repeat":"repeat","background-position":"center center","background-size":"auto","background-attachment":"scroll","background-type":"","background-media":"","overlay-type":"","overlay-color":"","overlay-opacity":"","overlay-gradient":""}},"ast-content-background-meta":{"desktop":{"background-color":"var(--ast-global-color-5)","background-image":"","background-repeat":"repeat","background-position":"center center","background-size":"auto","background-attachment":"scroll","background-type":"","background-media":"","overlay-type":"","overlay-color":"","overlay-opacity":"","overlay-gradient":""},"tablet":{"background-color":"var(--ast-global-color-5)","background-image":"","background-repeat":"repeat","background-position":"center center","background-size":"auto","background-attachment":"scroll","background-type":"","background-media":"","overlay-type":"","overlay-color":"","overlay-opacity":"","overlay-gradient":""},"mobile":{"background-color":"var(--ast-global-color-5)","background-image":"","background-repeat":"repeat","background-position":"center center","background-size":"auto","background-attachment":"scroll","background-type":"","background-media":"","overlay-type":"","overlay-color":"","overlay-opacity":"","overlay-gradient":""}},"footnotes":""},"class_list":["post-6011","page","type-page","status-publish","hentry"],"yoast_head":"<!-- This site is optimized with the Yoast SEO plugin v24.7 - https:\/\/yoast.com\/wordpress\/plugins\/seo\/ -->\n<title>Form ~ La Compagnie du Bien-\u00catre<\/title>\n<meta name=\"robots\" content=\"index, follow, max-snippet:-1, max-image-preview:large, max-video-preview:-1\" \/>\n<link rel=\"canonical\" href=\"https:\/\/mapiscine.ch\/en\/form\/\" \/>\n<meta property=\"og:locale\" content=\"en_GB\" \/>\n<meta property=\"og:type\" content=\"article\" \/>\n<meta property=\"og:title\" content=\"Form ~ La Compagnie du Bien-\u00catre\" \/>\n<meta property=\"og:description\" content=\"T\u00e9l\u00e9charger notre catalogue Explorez notre gamme de piscines tendances et d\u00e9couvrez nos services en t\u00e9l\u00e9chargeant notre catalogue MaPiscine.ch! Piscine Spa Construction Facebook Instagram Linkedin Nom* Email* Tel*\" \/>\n<meta property=\"og:url\" content=\"https:\/\/mapiscine.ch\/en\/form\/\" \/>\n<meta property=\"og:site_name\" content=\"La Compagnie du Bien-\u00catre\" \/>\n<meta property=\"article:publisher\" content=\"https:\/\/www.facebook.com\/mapiscine.ch\" \/>\n<meta property=\"article:modified_time\" content=\"2023-07-27T05:44:49+00:00\" \/>\n<meta property=\"og:image\" content=\"https:\/\/mapiscine.ch\/wp-content\/uploads\/2022\/11\/nouveau-logo.png\" \/>\n<meta name=\"twitter:card\" content=\"summary_large_image\" \/>\n<script type=\"application\/ld+json\" class=\"yoast-schema-graph\">{\"@context\":\"https:\/\/schema.org\",\"@graph\":[{\"@type\":\"WebPage\",\"@id\":\"https:\/\/mapiscine.ch\/form\/\",\"url\":\"https:\/\/mapiscine.ch\/form\/\",\"name\":\"Form ~ La Compagnie du Bien-\u00catre\",\"isPartOf\":{\"@id\":\"https:\/\/mapiscine.ch\/#website\"},\"primaryImageOfPage\":{\"@id\":\"https:\/\/mapiscine.ch\/form\/#primaryimage\"},\"image\":{\"@id\":\"https:\/\/mapiscine.ch\/form\/#primaryimage\"},\"thumbnailUrl\":\"https:\/\/mapiscine.ch\/wp-content\/uploads\/2022\/11\/nouveau-logo.png\",\"datePublished\":\"2023-07-18T09:53:44+00:00\",\"dateModified\":\"2023-07-27T05:44:49+00:00\",\"breadcrumb\":{\"@id\":\"https:\/\/mapiscine.ch\/form\/#breadcrumb\"},\"inLanguage\":\"en-GB\",\"potentialAction\":[{\"@type\":\"ReadAction\",\"target\":[\"https:\/\/mapiscine.ch\/form\/\"]}]},{\"@type\":\"ImageObject\",\"inLanguage\":\"en-GB\",\"@id\":\"https:\/\/mapiscine.ch\/form\/#primaryimage\",\"url\":\"https:\/\/mapiscine.ch\/wp-content\/uploads\/2022\/11\/nouveau-logo.png\",\"contentUrl\":\"https:\/\/mapiscine.ch\/wp-content\/uploads\/2022\/11\/nouveau-logo.png\"},{\"@type\":\"BreadcrumbList\",\"@id\":\"https:\/\/mapiscine.ch\/form\/#breadcrumb\",\"itemListElement\":[{\"@type\":\"ListItem\",\"position\":1,\"name\":\"Accueil\",\"item\":\"https:\/\/mapiscine.ch\/\"},{\"@type\":\"ListItem\",\"position\":2,\"name\":\"Form\"}]},{\"@type\":\"WebSite\",\"@id\":\"https:\/\/mapiscine.ch\/#website\",\"url\":\"https:\/\/mapiscine.ch\/\",\"name\":\"La Compagnie du Bien-\u00catre\",\"description\":\"\",\"publisher\":{\"@id\":\"https:\/\/mapiscine.ch\/#organization\"},\"alternateName\":\"Constructeur de piscines de r\u00e9f\u00e9rence sur Gen\u00e8ve bas\u00e9 a Th\u00f4nex\",\"potentialAction\":[{\"@type\":\"SearchAction\",\"target\":{\"@type\":\"EntryPoint\",\"urlTemplate\":\"https:\/\/mapiscine.ch\/?s={search_term_string}\"},\"query-input\":{\"@type\":\"PropertyValueSpecification\",\"valueRequired\":true,\"valueName\":\"search_term_string\"}}],\"inLanguage\":\"en-GB\"},{\"@type\":\"Organization\",\"@id\":\"https:\/\/mapiscine.ch\/#organization\",\"name\":\"La Compagnie du Bien-\u00catre\",\"url\":\"https:\/\/mapiscine.ch\/\",\"logo\":{\"@type\":\"ImageObject\",\"inLanguage\":\"en-GB\",\"@id\":\"https:\/\/mapiscine.ch\/#\/schema\/logo\/image\/\",\"url\":\"https:\/\/mapiscine.ch\/wp-content\/uploads\/2021\/02\/Favicon-logo_seul.png\",\"contentUrl\":\"https:\/\/mapiscine.ch\/wp-content\/uploads\/2021\/02\/Favicon-logo_seul.png\",\"width\":1357,\"height\":1358,\"caption\":\"La Compagnie du Bien-\u00catre\"},\"image\":{\"@id\":\"https:\/\/mapiscine.ch\/#\/schema\/logo\/image\/\"},\"sameAs\":[\"https:\/\/www.facebook.com\/mapiscine.ch\"]}]}<\/script>\n<!-- \/ Yoast SEO plugin. -->","yoast_head_json":{"title":"Form ~ La Compagnie du Bien-\u00catre","robots":{"index":"index","follow":"follow","max-snippet":"max-snippet:-1","max-image-preview":"max-image-preview:large","max-video-preview":"max-video-preview:-1"},"canonical":"https:\/\/mapiscine.ch\/en\/form\/","og_locale":"en_GB","og_type":"article","og_title":"Form ~ La Compagnie du Bien-\u00catre","og_description":"T\u00e9l\u00e9charger notre catalogue Explorez notre gamme de piscines tendances et d\u00e9couvrez nos services en t\u00e9l\u00e9chargeant notre catalogue MaPiscine.ch! Piscine Spa Construction Facebook Instagram Linkedin Nom* Email* Tel*","og_url":"https:\/\/mapiscine.ch\/en\/form\/","og_site_name":"La Compagnie du Bien-\u00catre","article_publisher":"https:\/\/www.facebook.com\/mapiscine.ch","article_modified_time":"2023-07-27T05:44:49+00:00","og_image":[{"url":"https:\/\/mapiscine.ch\/wp-content\/uploads\/2022\/11\/nouveau-logo.png","type":"","width":"","height":""}],"twitter_card":"summary_large_image","schema":{"@context":"https:\/\/schema.org","@graph":[{"@type":"WebPage","@id":"https:\/\/mapiscine.ch\/form\/","url":"https:\/\/mapiscine.ch\/form\/","name":"Form ~ La Compagnie du Bien-\u00catre","isPartOf":{"@id":"https:\/\/mapiscine.ch\/#website"},"primaryImageOfPage":{"@id":"https:\/\/mapiscine.ch\/form\/#primaryimage"},"image":{"@id":"https:\/\/mapiscine.ch\/form\/#primaryimage"},"thumbnailUrl":"https:\/\/mapiscine.ch\/wp-content\/uploads\/2022\/11\/nouveau-logo.png","datePublished":"2023-07-18T09:53:44+00:00","dateModified":"2023-07-27T05:44:49+00:00","breadcrumb":{"@id":"https:\/\/mapiscine.ch\/form\/#breadcrumb"},"inLanguage":"en-GB","potentialAction":[{"@type":"ReadAction","target":["https:\/\/mapiscine.ch\/form\/"]}]},{"@type":"ImageObject","inLanguage":"en-GB","@id":"https:\/\/mapiscine.ch\/form\/#primaryimage","url":"https:\/\/mapiscine.ch\/wp-content\/uploads\/2022\/11\/nouveau-logo.png","contentUrl":"https:\/\/mapiscine.ch\/wp-content\/uploads\/2022\/11\/nouveau-logo.png"},{"@type":"BreadcrumbList","@id":"https:\/\/mapiscine.ch\/form\/#breadcrumb","itemListElement":[{"@type":"ListItem","position":1,"name":"Accueil","item":"https:\/\/mapiscine.ch\/"},{"@type":"ListItem","position":2,"name":"Form"}]},{"@type":"WebSite","@id":"https:\/\/mapiscine.ch\/#website","url":"https:\/\/mapiscine.ch\/","name":"The Compagnie du Bien-\u00catre","description":"","publisher":{"@id":"https:\/\/mapiscine.ch\/#organization"},"alternateName":"Constructeur de piscines de r\u00e9f\u00e9rence sur Gen\u00e8ve bas\u00e9 a Th\u00f4nex","potentialAction":[{"@type":"SearchAction","target":{"@type":"EntryPoint","urlTemplate":"https:\/\/mapiscine.ch\/?s={search_term_string}"},"query-input":{"@type":"PropertyValueSpecification","valueRequired":true,"valueName":"search_term_string"}}],"inLanguage":"en-GB"},{"@type":"Organization","@id":"https:\/\/mapiscine.ch\/#organization","name":"The Compagnie du Bien-\u00catre","url":"https:\/\/mapiscine.ch\/","logo":{"@type":"ImageObject","inLanguage":"en-GB","@id":"https:\/\/mapiscine.ch\/#\/schema\/logo\/image\/","url":"https:\/\/mapiscine.ch\/wp-content\/uploads\/2021\/02\/Favicon-logo_seul.png","contentUrl":"https:\/\/mapiscine.ch\/wp-content\/uploads\/2021\/02\/Favicon-logo_seul.png","width":1357,"height":1358,"caption":"La Compagnie du Bien-\u00catre"},"image":{"@id":"https:\/\/mapiscine.ch\/#\/schema\/logo\/image\/"},"sameAs":["https:\/\/www.facebook.com\/mapiscine.ch"]}]}},"_links":{"self":[{"href":"https:\/\/mapiscine.ch\/en\/wp-json\/wp\/v2\/pages\/6011","targetHints":{"allow":["GET"]}}],"collection":[{"href":"https:\/\/mapiscine.ch\/en\/wp-json\/wp\/v2\/pages"}],"about":[{"href":"https:\/\/mapiscine.ch\/en\/wp-json\/wp\/v2\/types\/page"}],"author":[{"embeddable":true,"href":"https:\/\/mapiscine.ch\/en\/wp-json\/wp\/v2\/users\/1"}],"replies":[{"embeddable":true,"href":"https:\/\/mapiscine.ch\/en\/wp-json\/wp\/v2\/comments?post=6011"}],"version-history":[{"count":50,"href":"https:\/\/mapiscine.ch\/en\/wp-json\/wp\/v2\/pages\/6011\/revisions"}],"predecessor-version":[{"id":6087,"href":"https:\/\/mapiscine.ch\/en\/wp-json\/wp\/v2\/pages\/6011\/revisions\/6087"}],"wp:attachment":[{"href":"https:\/\/mapiscine.ch\/en\/wp-json\/wp\/v2\/media?parent=6011"}],"curies":[{"name":"wp","href":"https:\/\/api.w.org\/{rel}","templated":true}]}}