{"id":355,"date":"2021-02-08T10:19:31","date_gmt":"2021-02-08T09:19:31","guid":{"rendered":"https:\/\/mapiscine.ch\/?page_id=355"},"modified":"2022-01-27T16:05:24","modified_gmt":"2022-01-27T15:05:24","slug":"politique-de-cookies","status":"publish","type":"page","link":"https:\/\/mapiscine.ch\/en\/politique-de-cookies\/","title":{"rendered":"Politique de Cookies"},"content":{"rendered":"\t\t<div data-elementor-type=\"wp-page\" data-elementor-id=\"355\" class=\"elementor elementor-355\" data-elementor-post-type=\"page\">\n\t\t\t\t\t\t<section class=\"elementor-section elementor-top-section elementor-element elementor-element-73df9fd7 elementor-section-full_width elementor-section-height-min-height elementor-section-items-top elementor-section-stretched elementor-section-height-default\" data-id=\"73df9fd7\" data-element_type=\"section\" data-settings=\"{&quot;background_background&quot;:&quot;classic&quot;,&quot;stretch_section&quot;:&quot;section-stretched&quot;}\">\n\t\t\t\t\t\t\t<div class=\"elementor-background-overlay\"><\/div>\n\t\t\t\t\t\t\t<div class=\"elementor-container elementor-column-gap-no\">\n\t\t\t\t\t<div class=\"elementor-column elementor-col-100 elementor-top-column elementor-element elementor-element-3a95ba81\" data-id=\"3a95ba81\" data-element_type=\"column\">\n\t\t\t<div class=\"elementor-widget-wrap elementor-element-populated\">\n\t\t\t\t\t\t<section class=\"elementor-section elementor-inner-section elementor-element elementor-element-fd8d55f elementor-hidden-phone elementor-section-boxed elementor-section-height-default elementor-section-height-default\" data-id=\"fd8d55f\" data-element_type=\"section\">\n\t\t\t\t\t\t<div class=\"elementor-container elementor-column-gap-no\">\n\t\t\t\t\t<div class=\"elementor-column elementor-col-50 elementor-inner-column elementor-element elementor-element-5b30051\" data-id=\"5b30051\" data-element_type=\"column\">\n\t\t\t<div class=\"elementor-widget-wrap elementor-element-populated\">\n\t\t\t\t\t\t<div class=\"elementor-element elementor-element-5d55728 elementor-widget elementor-widget-menu-anchor\" data-id=\"5d55728\" data-element_type=\"widget\" data-widget_type=\"menu-anchor.default\">\n\t\t\t\t<div class=\"elementor-widget-container\">\n\t\t\t\t\t\t\t<div class=\"elementor-menu-anchor\" id=\"top\"><\/div>\n\t\t\t\t\t\t<\/div>\n\t\t\t\t<\/div>\n\t\t\t\t<div class=\"elementor-element elementor-element-b3775a7 elementor-widget elementor-widget-image\" data-id=\"b3775a7\" data-element_type=\"widget\" data-widget_type=\"image.default\">\n\t\t\t\t<div class=\"elementor-widget-container\">\n\t\t\t\t\t\t\t\t\t\t\t\t\t\t\t\t<a href=\"https:\/\/mapiscine.ch\/en\">\n\t\t\t\t\t\t\t<img fetchpriority=\"high\" decoding=\"async\" width=\"1498\" height=\"212\" src=\"https:\/\/mapiscine.ch\/wp-content\/uploads\/2021\/02\/logo-fond-blanc.png\" class=\"attachment-full size-full wp-image-3717\" alt=\"\" srcset=\"https:\/\/mapiscine.ch\/wp-content\/uploads\/2021\/02\/logo-fond-blanc.png 1498w, https:\/\/mapiscine.ch\/wp-content\/uploads\/2021\/02\/logo-fond-blanc-300x42.png 300w, https:\/\/mapiscine.ch\/wp-content\/uploads\/2021\/02\/logo-fond-blanc-1024x145.png 1024w, https:\/\/mapiscine.ch\/wp-content\/uploads\/2021\/02\/logo-fond-blanc-768x109.png 768w, https:\/\/mapiscine.ch\/wp-content\/uploads\/2021\/02\/logo-fond-blanc-16x2.png 16w\" sizes=\"(max-width: 1498px) 100vw, 1498px\" \/>\t\t\t\t\t\t\t\t<\/a>\n\t\t\t\t\t\t\t\t\t\t\t\t\t\t\t<\/div>\n\t\t\t\t<\/div>\n\t\t\t\t\t<\/div>\n\t\t<\/div>\n\t\t\t\t<div class=\"elementor-column elementor-col-50 elementor-inner-column elementor-element elementor-element-122db17\" data-id=\"122db17\" data-element_type=\"column\">\n\t\t\t<div class=\"elementor-widget-wrap elementor-element-populated\">\n\t\t\t\t\t\t<div class=\"elementor-element elementor-element-873176c elementor-nav-menu__align-end elementor-nav-menu--dropdown-mobile elementor-hidden-tablet elementor-nav-menu__text-align-aside elementor-nav-menu--toggle elementor-nav-menu--burger elementor-widget elementor-widget-nav-menu\" data-id=\"873176c\" data-element_type=\"widget\" data-settings=\"{&quot;submenu_icon&quot;:{&quot;value&quot;:&quot;&lt;i class=\\&quot;\\&quot;&gt;&lt;\\\/i&gt;&quot;,&quot;library&quot;:&quot;&quot;},&quot;layout&quot;:&quot;horizontal&quot;,&quot;toggle&quot;:&quot;burger&quot;}\" data-widget_type=\"nav-menu.default\">\n\t\t\t\t<div class=\"elementor-widget-container\">\n\t\t\t\t\t\t\t\t<nav aria-label=\"Menu\" class=\"elementor-nav-menu--main elementor-nav-menu__container elementor-nav-menu--layout-horizontal e--pointer-underline e--animation-fade\">\n\t\t\t\t<ul id=\"menu-1-873176c\" class=\"elementor-nav-menu\"><li class=\"trp-language-switcher-container menu-item menu-item-type-post_type menu-item-object-language_switcher current-language-menu-item menu-item-295\"><a href=\"https:\/\/mapiscine.ch\/en\/wp-json\/wp\/v2\/pages\/355#TRPLINKPROCESSED\" class=\"elementor-item elementor-item-anchor menu-link\"><span data-no-translation><span class=\"trp-ls-language-name\">FRAN\u00c7AIS<\/span><\/span><\/a><\/li>\n<li class=\"trp-language-switcher-container menu-item menu-item-type-post_type menu-item-object-language_switcher current-language-menu-item menu-item-294\"><a href=\"https:\/\/mapiscine.ch\/en\/wp-json\/wp\/v2\/pages\/355#TRPLINKPROCESSED\" class=\"elementor-item elementor-item-anchor menu-link\"><span data-no-translation><span class=\"trp-ls-language-name\">ANGLAIS<\/span><\/span><\/a><\/li>\n<\/ul>\t\t\t<\/nav>\n\t\t\t\t\t<div class=\"elementor-menu-toggle\" role=\"button\" tabindex=\"0\" aria-label=\"Menu Toggle\" aria-expanded=\"false\">\n\t\t\t<i aria-hidden=\"true\" role=\"presentation\" class=\"elementor-menu-toggle__icon--open eicon-menu-bar\"><\/i><i aria-hidden=\"true\" role=\"presentation\" class=\"elementor-menu-toggle__icon--close eicon-close\"><\/i>\t\t<\/div>\n\t\t\t\t\t<nav class=\"elementor-nav-menu--dropdown elementor-nav-menu__container\" aria-hidden=\"true\">\n\t\t\t\t<ul id=\"menu-2-873176c\" class=\"elementor-nav-menu\"><li class=\"trp-language-switcher-container menu-item menu-item-type-post_type menu-item-object-language_switcher current-language-menu-item menu-item-295\"><a href=\"https:\/\/mapiscine.ch\/en\/wp-json\/wp\/v2\/pages\/355#TRPLINKPROCESSED\" class=\"elementor-item elementor-item-anchor menu-link\" tabindex=\"-1\"><span data-no-translation><span class=\"trp-ls-language-name\">FRAN\u00c7AIS<\/span><\/span><\/a><\/li>\n<li class=\"trp-language-switcher-container menu-item menu-item-type-post_type menu-item-object-language_switcher current-language-menu-item menu-item-294\"><a href=\"https:\/\/mapiscine.ch\/en\/wp-json\/wp\/v2\/pages\/355#TRPLINKPROCESSED\" class=\"elementor-item elementor-item-anchor menu-link\" tabindex=\"-1\"><span data-no-translation><span class=\"trp-ls-language-name\">ANGLAIS<\/span><\/span><\/a><\/li>\n<\/ul>\t\t\t<\/nav>\n\t\t\t\t\t\t<\/div>\n\t\t\t\t<\/div>\n\t\t\t\t<div class=\"elementor-element elementor-element-4f0586c elementor-hidden-desktop elementor-view-default elementor-widget elementor-widget-global elementor-global-3834 elementor-widget-icon\" data-id=\"4f0586c\" data-element_type=\"widget\" data-widget_type=\"icon.default\">\n\t\t\t\t<div class=\"elementor-widget-container\">\n\t\t\t\t\t\t\t<div class=\"elementor-icon-wrapper\">\n\t\t\t<a class=\"elementor-icon elementor-animation-grow\" href=\"#elementor-action%3Aaction%3Dpopup%3Aopen%26settings%3DeyJpZCI6IjU3IiwidG9nZ2xlIjpmYWxzZX0%3D\">\n\t\t\t<svg xmlns=\"http:\/\/www.w3.org\/2000\/svg\" width=\"31\" height=\"18.9999\" viewBox=\"0 0 31 18.9999\"><title>Me<\/title><g id=\"acec0e9a-e5e9-4a92-870d-7e698965f678\" data-name=\"Layer 2\"><g id=\"fc8ac0e5-f044-4882-b83f-90169ac7f2e4\" data-name=\"Layer 1\"><path d=\"M29.5,3H1.5A1.5044,1.5044,0,0,1,0,1.5H0A1.5044,1.5044,0,0,1,1.5,0h28A1.5044,1.5044,0,0,1,31,1.5h0A1.5044,1.5044,0,0,1,29.5,3ZM31,9.5h0A1.5044,1.5044,0,0,0,29.5,8H1.5A1.5044,1.5044,0,0,0,0,9.5H0A1.5044,1.5044,0,0,0,1.5,11h28A1.5044,1.5044,0,0,0,31,9.5Zm0,8h0A1.5044,1.5044,0,0,0,29.5,16H1.5A1.5044,1.5044,0,0,0,0,17.5H0A1.5044,1.5044,0,0,0,1.5,19h28A1.5044,1.5044,0,0,0,31,17.5Z\"><\/path><\/g><\/g><\/svg>\t\t\t<\/a>\n\t\t<\/div>\n\t\t\t\t\t\t<\/div>\n\t\t\t\t<\/div>\n\t\t\t\t\t<\/div>\n\t\t<\/div>\n\t\t\t\t\t<\/div>\n\t\t<\/section>\n\t\t\t\t<section class=\"elementor-section elementor-inner-section elementor-element elementor-element-c9fd955 elementor-hidden-desktop elementor-hidden-tablet elementor-section-boxed elementor-section-height-default elementor-section-height-default\" data-id=\"c9fd955\" data-element_type=\"section\">\n\t\t\t\t\t\t<div class=\"elementor-container elementor-column-gap-no\">\n\t\t\t\t\t<div class=\"elementor-column elementor-col-50 elementor-inner-column elementor-element elementor-element-ad57b53\" data-id=\"ad57b53\" data-element_type=\"column\">\n\t\t\t<div class=\"elementor-widget-wrap elementor-element-populated\">\n\t\t\t\t\t\t<div class=\"elementor-element elementor-element-97a191f elementor-widget elementor-widget-global elementor-global-4038 elementor-widget-image\" data-id=\"97a191f\" data-element_type=\"widget\" data-widget_type=\"image.default\">\n\t\t\t\t<div class=\"elementor-widget-container\">\n\t\t\t\t\t\t\t\t\t\t\t\t\t\t\t\t<a href=\"https:\/\/mapiscine.ch\/en\">\n\t\t\t\t\t\t\t<img decoding=\"async\" width=\"1024\" height=\"1024\" src=\"https:\/\/mapiscine.ch\/wp-content\/uploads\/2021\/02\/symbole-seul-1024x1024.png\" class=\"attachment-large size-large wp-image-75\" alt=\"\" srcset=\"https:\/\/mapiscine.ch\/wp-content\/uploads\/2021\/02\/symbole-seul-1024x1024.png 1024w, https:\/\/mapiscine.ch\/wp-content\/uploads\/2021\/02\/symbole-seul-300x300.png 300w, https:\/\/mapiscine.ch\/wp-content\/uploads\/2021\/02\/symbole-seul-150x150.png 150w, https:\/\/mapiscine.ch\/wp-content\/uploads\/2021\/02\/symbole-seul-768x768.png 768w, https:\/\/mapiscine.ch\/wp-content\/uploads\/2021\/02\/symbole-seul-1536x1536.png 1536w, https:\/\/mapiscine.ch\/wp-content\/uploads\/2021\/02\/symbole-seul.png 1920w\" sizes=\"(max-width: 1024px) 100vw, 1024px\" \/>\t\t\t\t\t\t\t\t<\/a>\n\t\t\t\t\t\t\t\t\t\t\t\t\t\t\t<\/div>\n\t\t\t\t<\/div>\n\t\t\t\t\t<\/div>\n\t\t<\/div>\n\t\t\t\t<div class=\"elementor-column elementor-col-50 elementor-inner-column elementor-element elementor-element-0a48c2e\" data-id=\"0a48c2e\" data-element_type=\"column\">\n\t\t\t<div class=\"elementor-widget-wrap elementor-element-populated\">\n\t\t\t\t\t\t<div class=\"elementor-element elementor-element-87ecbaf elementor-hidden-desktop elementor-view-default elementor-widget elementor-widget-global elementor-global-3834 elementor-widget-icon\" data-id=\"87ecbaf\" data-element_type=\"widget\" data-widget_type=\"icon.default\">\n\t\t\t\t<div class=\"elementor-widget-container\">\n\t\t\t\t\t\t\t<div class=\"elementor-icon-wrapper\">\n\t\t\t<a class=\"elementor-icon elementor-animation-grow\" href=\"#elementor-action%3Aaction%3Dpopup%3Aopen%26settings%3DeyJpZCI6IjU3IiwidG9nZ2xlIjpmYWxzZX0%3D\">\n\t\t\t<svg xmlns=\"http:\/\/www.w3.org\/2000\/svg\" width=\"31\" height=\"18.9999\" viewBox=\"0 0 31 18.9999\"><title>Me<\/title><g id=\"acec0e9a-e5e9-4a92-870d-7e698965f678\" data-name=\"Layer 2\"><g id=\"fc8ac0e5-f044-4882-b83f-90169ac7f2e4\" data-name=\"Layer 1\"><path d=\"M29.5,3H1.5A1.5044,1.5044,0,0,1,0,1.5H0A1.5044,1.5044,0,0,1,1.5,0h28A1.5044,1.5044,0,0,1,31,1.5h0A1.5044,1.5044,0,0,1,29.5,3ZM31,9.5h0A1.5044,1.5044,0,0,0,29.5,8H1.5A1.5044,1.5044,0,0,0,0,9.5H0A1.5044,1.5044,0,0,0,1.5,11h28A1.5044,1.5044,0,0,0,31,9.5Zm0,8h0A1.5044,1.5044,0,0,0,29.5,16H1.5A1.5044,1.5044,0,0,0,0,17.5H0A1.5044,1.5044,0,0,0,1.5,19h28A1.5044,1.5044,0,0,0,31,17.5Z\"><\/path><\/g><\/g><\/svg>\t\t\t<\/a>\n\t\t<\/div>\n\t\t\t\t\t\t<\/div>\n\t\t\t\t<\/div>\n\t\t\t\t\t<\/div>\n\t\t<\/div>\n\t\t\t\t\t<\/div>\n\t\t<\/section>\n\t\t\t\t\t<\/div>\n\t\t<\/div>\n\t\t\t\t\t<\/div>\n\t\t<\/section>\n\t\t\t\t<section class=\"elementor-section elementor-top-section elementor-element elementor-element-19ffe41 elementor-section-stretched elementor-section-boxed elementor-section-height-default elementor-section-height-default\" data-id=\"19ffe41\" data-element_type=\"section\" data-settings=\"{&quot;stretch_section&quot;:&quot;section-stretched&quot;}\">\n\t\t\t\t\t\t<div class=\"elementor-container elementor-column-gap-no\">\n\t\t\t\t\t<div class=\"elementor-column elementor-col-100 elementor-top-column elementor-element elementor-element-dc29a0e\" data-id=\"dc29a0e\" data-element_type=\"column\">\n\t\t\t<div class=\"elementor-widget-wrap elementor-element-populated\">\n\t\t\t\t\t\t<div class=\"elementor-element elementor-element-079b6e8 elementor-hidden-desktop elementor-hidden-tablet elementor-widget elementor-widget-menu-anchor\" data-id=\"079b6e8\" data-element_type=\"widget\" data-widget_type=\"menu-anchor.default\">\n\t\t\t\t<div class=\"elementor-widget-container\">\n\t\t\t\t\t\t\t<div class=\"elementor-menu-anchor\" id=\"top\"><\/div>\n\t\t\t\t\t\t<\/div>\n\t\t\t\t<\/div>\n\t\t\t\t<div class=\"elementor-element elementor-element-ab7cfe8 elementor-widget elementor-widget-heading\" data-id=\"ab7cfe8\" data-element_type=\"widget\" data-widget_type=\"heading.default\">\n\t\t\t\t<div class=\"elementor-widget-container\">\n\t\t\t\t\t<h1 class=\"elementor-heading-title elementor-size-default\">politique de cookies\n\n<\/h1>\t\t\t\t<\/div>\n\t\t\t\t<\/div>\n\t\t\t\t<div class=\"elementor-element elementor-element-fee214f elementor-widget-divider--view-line elementor-widget elementor-widget-divider\" data-id=\"fee214f\" data-element_type=\"widget\" data-widget_type=\"divider.default\">\n\t\t\t\t<div class=\"elementor-widget-container\">\n\t\t\t\t\t\t\t<div class=\"elementor-divider\">\n\t\t\t<span class=\"elementor-divider-separator\">\n\t\t\t\t\t\t<\/span>\n\t\t<\/div>\n\t\t\t\t\t\t<\/div>\n\t\t\t\t<\/div>\n\t\t\t\t\t<\/div>\n\t\t<\/div>\n\t\t\t\t\t<\/div>\n\t\t<\/section>\n\t\t\t\t<section class=\"elementor-section elementor-top-section elementor-element elementor-element-774ab6a elementor-section-stretched elementor-section-boxed elementor-section-height-default elementor-section-height-default\" data-id=\"774ab6a\" data-element_type=\"section\" data-settings=\"{&quot;stretch_section&quot;:&quot;section-stretched&quot;}\">\n\t\t\t\t\t\t<div class=\"elementor-container elementor-column-gap-no\">\n\t\t\t\t\t<div class=\"elementor-column elementor-col-100 elementor-top-column elementor-element elementor-element-cf58da1\" data-id=\"cf58da1\" data-element_type=\"column\">\n\t\t\t<div class=\"elementor-widget-wrap elementor-element-populated\">\n\t\t\t\t\t\t<div class=\"elementor-element elementor-element-c050645 elementor-widget elementor-widget-shortcode\" data-id=\"c050645\" data-element_type=\"widget\" data-widget_type=\"shortcode.default\">\n\t\t\t\t<div class=\"elementor-widget-container\">\n\t\t\t\t\t\t\t<div class=\"elementor-shortcode\">[cmplz-document type=\"cookie-statement\" region=\"eu\"]<\/div>\n\t\t\t\t\t\t<\/div>\n\t\t\t\t<\/div>\n\t\t\t\t\t<\/div>\n\t\t<\/div>\n\t\t\t\t\t<\/div>\n\t\t<\/section>\n\t\t\t\t<\/div>\n\t\t","protected":false},"excerpt":{"rendered":"<p>Me Me politique de cookies [cmplz-document type=\u00a0\u00bbcookie-statement\u00a0\u00bb region=\u00a0\u00bbeu\u00a0\u00bb]<\/p>\n","protected":false},"author":1,"featured_media":0,"parent":0,"menu_order":0,"comment_status":"closed","ping_status":"closed","template":"","meta":{"_uf_show_specific_survey":0,"_uf_disable_surveys":false,"site-sidebar-layout":"no-sidebar","site-content-layout":"page-builder","ast-site-content-layout":"default","site-content-style":"default","site-sidebar-style":"default","ast-global-header-display":"","ast-banner-title-visibility":"","ast-main-header-display":"","ast-hfb-above-header-display":"","ast-hfb-below-header-display":"","ast-hfb-mobile-header-display":"","site-post-title":"disabled","ast-breadcrumbs-content":"","ast-featured-img":"disabled","footer-sml-layout":"","ast-disable-related-posts":"","theme-transparent-header-meta":"default","adv-header-id-meta":"","stick-header-meta":"","header-above-stick-meta":"","header-main-stick-meta":"","header-below-stick-meta":"","astra-migrate-meta-layouts":"default","ast-page-background-enabled":"default","ast-page-background-meta":{"desktop":{"background-color":"","background-image":"","background-repeat":"repeat","background-position":"center center","background-size":"auto","background-attachment":"scroll","background-type":"","background-media":"","overlay-type":"","overlay-color":"","overlay-opacity":"","overlay-gradient":""},"tablet":{"background-color":"","background-image":"","background-repeat":"repeat","background-position":"center center","background-size":"auto","background-attachment":"scroll","background-type":"","background-media":"","overlay-type":"","overlay-color":"","overlay-opacity":"","overlay-gradient":""},"mobile":{"background-color":"","background-image":"","background-repeat":"repeat","background-position":"center center","background-size":"auto","background-attachment":"scroll","background-type":"","background-media":"","overlay-type":"","overlay-color":"","overlay-opacity":"","overlay-gradient":""}},"ast-content-background-meta":{"desktop":{"background-color":"var(--ast-global-color-5)","background-image":"","background-repeat":"repeat","background-position":"center center","background-size":"auto","background-attachment":"scroll","background-type":"","background-media":"","overlay-type":"","overlay-color":"","overlay-opacity":"","overlay-gradient":""},"tablet":{"background-color":"var(--ast-global-color-5)","background-image":"","background-repeat":"repeat","background-position":"center center","background-size":"auto","background-attachment":"scroll","background-type":"","background-media":"","overlay-type":"","overlay-color":"","overlay-opacity":"","overlay-gradient":""},"mobile":{"background-color":"var(--ast-global-color-5)","background-image":"","background-repeat":"repeat","background-position":"center center","background-size":"auto","background-attachment":"scroll","background-type":"","background-media":"","overlay-type":"","overlay-color":"","overlay-opacity":"","overlay-gradient":""}},"footnotes":""},"class_list":["post-355","page","type-page","status-publish","hentry"],"yoast_head":"<!-- This site is optimized with the Yoast SEO plugin v24.7 - https:\/\/yoast.com\/wordpress\/plugins\/seo\/ -->\n<title>Politique de Cookies ~ La Compagnie du Bien-\u00catre<\/title>\n<meta name=\"robots\" content=\"index, follow, max-snippet:-1, max-image-preview:large, max-video-preview:-1\" \/>\n<link rel=\"canonical\" href=\"https:\/\/mapiscine.ch\/en\/politique-de-cookies\/\" \/>\n<meta property=\"og:locale\" content=\"en_GB\" \/>\n<meta property=\"og:type\" content=\"article\" \/>\n<meta property=\"og:title\" content=\"Politique de Cookies ~ La Compagnie du Bien-\u00catre\" \/>\n<meta property=\"og:description\" content=\"Me Me politique de cookies [cmplz-document type=\u00a0\u00bbcookie-statement\u00a0\u00bb region=\u00a0\u00bbeu\u00a0\u00bb]\" \/>\n<meta property=\"og:url\" content=\"https:\/\/mapiscine.ch\/en\/politique-de-cookies\/\" \/>\n<meta property=\"og:site_name\" content=\"La Compagnie du Bien-\u00catre\" \/>\n<meta property=\"article:publisher\" content=\"https:\/\/www.facebook.com\/mapiscine.ch\" \/>\n<meta property=\"article:modified_time\" content=\"2022-01-27T15:05:24+00:00\" \/>\n<meta property=\"og:image\" content=\"https:\/\/mapiscine.ch\/wp-content\/uploads\/2021\/02\/logo-fond-blanc.png\" \/>\n<meta name=\"twitter:card\" content=\"summary_large_image\" \/>\n<meta name=\"twitter:label1\" content=\"Estimated reading time\" \/>\n\t<meta name=\"twitter:data1\" content=\"6 minutes\" \/>\n<script type=\"application\/ld+json\" class=\"yoast-schema-graph\">{\"@context\":\"https:\/\/schema.org\",\"@graph\":[{\"@type\":\"WebPage\",\"@id\":\"https:\/\/mapiscine.ch\/politique-de-cookies\/\",\"url\":\"https:\/\/mapiscine.ch\/politique-de-cookies\/\",\"name\":\"Politique de Cookies ~ La Compagnie du Bien-\u00catre\",\"isPartOf\":{\"@id\":\"https:\/\/mapiscine.ch\/#website\"},\"primaryImageOfPage\":{\"@id\":\"https:\/\/mapiscine.ch\/politique-de-cookies\/#primaryimage\"},\"image\":{\"@id\":\"https:\/\/mapiscine.ch\/politique-de-cookies\/#primaryimage\"},\"thumbnailUrl\":\"https:\/\/mapiscine.ch\/wp-content\/uploads\/2021\/02\/logo-fond-blanc.png\",\"datePublished\":\"2021-02-08T09:19:31+00:00\",\"dateModified\":\"2022-01-27T15:05:24+00:00\",\"breadcrumb\":{\"@id\":\"https:\/\/mapiscine.ch\/politique-de-cookies\/#breadcrumb\"},\"inLanguage\":\"en-GB\",\"potentialAction\":[{\"@type\":\"ReadAction\",\"target\":[\"https:\/\/mapiscine.ch\/politique-de-cookies\/\"]}]},{\"@type\":\"ImageObject\",\"inLanguage\":\"en-GB\",\"@id\":\"https:\/\/mapiscine.ch\/politique-de-cookies\/#primaryimage\",\"url\":\"https:\/\/mapiscine.ch\/wp-content\/uploads\/2021\/02\/logo-fond-blanc.png\",\"contentUrl\":\"https:\/\/mapiscine.ch\/wp-content\/uploads\/2021\/02\/logo-fond-blanc.png\"},{\"@type\":\"BreadcrumbList\",\"@id\":\"https:\/\/mapiscine.ch\/politique-de-cookies\/#breadcrumb\",\"itemListElement\":[{\"@type\":\"ListItem\",\"position\":1,\"name\":\"Accueil\",\"item\":\"https:\/\/mapiscine.ch\/\"},{\"@type\":\"ListItem\",\"position\":2,\"name\":\"Politique de Cookies\"}]},{\"@type\":\"WebSite\",\"@id\":\"https:\/\/mapiscine.ch\/#website\",\"url\":\"https:\/\/mapiscine.ch\/\",\"name\":\"La Compagnie du Bien-\u00catre\",\"description\":\"\",\"publisher\":{\"@id\":\"https:\/\/mapiscine.ch\/#organization\"},\"alternateName\":\"Constructeur de piscines de r\u00e9f\u00e9rence sur Gen\u00e8ve bas\u00e9 a Th\u00f4nex\",\"potentialAction\":[{\"@type\":\"SearchAction\",\"target\":{\"@type\":\"EntryPoint\",\"urlTemplate\":\"https:\/\/mapiscine.ch\/?s={search_term_string}\"},\"query-input\":{\"@type\":\"PropertyValueSpecification\",\"valueRequired\":true,\"valueName\":\"search_term_string\"}}],\"inLanguage\":\"en-GB\"},{\"@type\":\"Organization\",\"@id\":\"https:\/\/mapiscine.ch\/#organization\",\"name\":\"La Compagnie du Bien-\u00catre\",\"url\":\"https:\/\/mapiscine.ch\/\",\"logo\":{\"@type\":\"ImageObject\",\"inLanguage\":\"en-GB\",\"@id\":\"https:\/\/mapiscine.ch\/#\/schema\/logo\/image\/\",\"url\":\"https:\/\/mapiscine.ch\/wp-content\/uploads\/2021\/02\/Favicon-logo_seul.png\",\"contentUrl\":\"https:\/\/mapiscine.ch\/wp-content\/uploads\/2021\/02\/Favicon-logo_seul.png\",\"width\":1357,\"height\":1358,\"caption\":\"La Compagnie du Bien-\u00catre\"},\"image\":{\"@id\":\"https:\/\/mapiscine.ch\/#\/schema\/logo\/image\/\"},\"sameAs\":[\"https:\/\/www.facebook.com\/mapiscine.ch\"]}]}<\/script>\n<!-- \/ Yoast SEO plugin. -->","yoast_head_json":{"title":"Politique de Cookies ~ La Compagnie du Bien-\u00catre","robots":{"index":"index","follow":"follow","max-snippet":"max-snippet:-1","max-image-preview":"max-image-preview:large","max-video-preview":"max-video-preview:-1"},"canonical":"https:\/\/mapiscine.ch\/en\/politique-de-cookies\/","og_locale":"en_GB","og_type":"article","og_title":"Politique de Cookies ~ La Compagnie du Bien-\u00catre","og_description":"Me Me politique de cookies [cmplz-document type=\u00a0\u00bbcookie-statement\u00a0\u00bb region=\u00a0\u00bbeu\u00a0\u00bb]","og_url":"https:\/\/mapiscine.ch\/en\/politique-de-cookies\/","og_site_name":"La Compagnie du Bien-\u00catre","article_publisher":"https:\/\/www.facebook.com\/mapiscine.ch","article_modified_time":"2022-01-27T15:05:24+00:00","og_image":[{"url":"https:\/\/mapiscine.ch\/wp-content\/uploads\/2021\/02\/logo-fond-blanc.png","type":"","width":"","height":""}],"twitter_card":"summary_large_image","twitter_misc":{"Estimated reading time":"6 minutes"},"schema":{"@context":"https:\/\/schema.org","@graph":[{"@type":"WebPage","@id":"https:\/\/mapiscine.ch\/politique-de-cookies\/","url":"https:\/\/mapiscine.ch\/politique-de-cookies\/","name":"Politique de Cookies ~ La Compagnie du Bien-\u00catre","isPartOf":{"@id":"https:\/\/mapiscine.ch\/#website"},"primaryImageOfPage":{"@id":"https:\/\/mapiscine.ch\/politique-de-cookies\/#primaryimage"},"image":{"@id":"https:\/\/mapiscine.ch\/politique-de-cookies\/#primaryimage"},"thumbnailUrl":"https:\/\/mapiscine.ch\/wp-content\/uploads\/2021\/02\/logo-fond-blanc.png","datePublished":"2021-02-08T09:19:31+00:00","dateModified":"2022-01-27T15:05:24+00:00","breadcrumb":{"@id":"https:\/\/mapiscine.ch\/politique-de-cookies\/#breadcrumb"},"inLanguage":"en-GB","potentialAction":[{"@type":"ReadAction","target":["https:\/\/mapiscine.ch\/politique-de-cookies\/"]}]},{"@type":"ImageObject","inLanguage":"en-GB","@id":"https:\/\/mapiscine.ch\/politique-de-cookies\/#primaryimage","url":"https:\/\/mapiscine.ch\/wp-content\/uploads\/2021\/02\/logo-fond-blanc.png","contentUrl":"https:\/\/mapiscine.ch\/wp-content\/uploads\/2021\/02\/logo-fond-blanc.png"},{"@type":"BreadcrumbList","@id":"https:\/\/mapiscine.ch\/politique-de-cookies\/#breadcrumb","itemListElement":[{"@type":"ListItem","position":1,"name":"Accueil","item":"https:\/\/mapiscine.ch\/"},{"@type":"ListItem","position":2,"name":"Politique de Cookies"}]},{"@type":"WebSite","@id":"https:\/\/mapiscine.ch\/#website","url":"https:\/\/mapiscine.ch\/","name":"The Compagnie du Bien-\u00catre","description":"","publisher":{"@id":"https:\/\/mapiscine.ch\/#organization"},"alternateName":"Constructeur de piscines de r\u00e9f\u00e9rence sur Gen\u00e8ve bas\u00e9 a Th\u00f4nex","potentialAction":[{"@type":"SearchAction","target":{"@type":"EntryPoint","urlTemplate":"https:\/\/mapiscine.ch\/?s={search_term_string}"},"query-input":{"@type":"PropertyValueSpecification","valueRequired":true,"valueName":"search_term_string"}}],"inLanguage":"en-GB"},{"@type":"Organization","@id":"https:\/\/mapiscine.ch\/#organization","name":"The Compagnie du Bien-\u00catre","url":"https:\/\/mapiscine.ch\/","logo":{"@type":"ImageObject","inLanguage":"en-GB","@id":"https:\/\/mapiscine.ch\/#\/schema\/logo\/image\/","url":"https:\/\/mapiscine.ch\/wp-content\/uploads\/2021\/02\/Favicon-logo_seul.png","contentUrl":"https:\/\/mapiscine.ch\/wp-content\/uploads\/2021\/02\/Favicon-logo_seul.png","width":1357,"height":1358,"caption":"La Compagnie du Bien-\u00catre"},"image":{"@id":"https:\/\/mapiscine.ch\/#\/schema\/logo\/image\/"},"sameAs":["https:\/\/www.facebook.com\/mapiscine.ch"]}]}},"_links":{"self":[{"href":"https:\/\/mapiscine.ch\/en\/wp-json\/wp\/v2\/pages\/355","targetHints":{"allow":["GET"]}}],"collection":[{"href":"https:\/\/mapiscine.ch\/en\/wp-json\/wp\/v2\/pages"}],"about":[{"href":"https:\/\/mapiscine.ch\/en\/wp-json\/wp\/v2\/types\/page"}],"author":[{"embeddable":true,"href":"https:\/\/mapiscine.ch\/en\/wp-json\/wp\/v2\/users\/1"}],"replies":[{"embeddable":true,"href":"https:\/\/mapiscine.ch\/en\/wp-json\/wp\/v2\/comments?post=355"}],"version-history":[{"count":112,"href":"https:\/\/mapiscine.ch\/en\/wp-json\/wp\/v2\/pages\/355\/revisions"}],"predecessor-version":[{"id":5301,"href":"https:\/\/mapiscine.ch\/en\/wp-json\/wp\/v2\/pages\/355\/revisions\/5301"}],"wp:attachment":[{"href":"https:\/\/mapiscine.ch\/en\/wp-json\/wp\/v2\/media?parent=355"}],"curies":[{"name":"wp","href":"https:\/\/api.w.org\/{rel}","templated":true}]}}