{"id":2770,"date":"2021-02-20T16:07:24","date_gmt":"2021-02-20T15:07:24","guid":{"rendered":"https:\/\/mapiscine.ch\/?page_id=2770"},"modified":"2022-03-10T14:18:26","modified_gmt":"2022-03-10T13:18:26","slug":"plan-de-site","status":"publish","type":"page","link":"https:\/\/mapiscine.ch\/en\/plan-de-site\/","title":{"rendered":"Plan de site"},"content":{"rendered":"<div data-elementor-type=\"wp-page\" data-elementor-id=\"2770\" class=\"elementor elementor-2770\" data-elementor-post-type=\"page\">\n\t\t\t\t\t\t<section class=\"elementor-section elementor-top-section elementor-element elementor-element-8ced5f6 elementor-section-full_width elementor-section-height-min-height elementor-section-items-top elementor-section-stretched elementor-hidden-phone elementor-section-height-default\" data-id=\"8ced5f6\" data-element_type=\"section\" data-settings=\"{&quot;background_background&quot;:&quot;classic&quot;,&quot;stretch_section&quot;:&quot;section-stretched&quot;}\">\n\t\t\t\t\t\t\t<div class=\"elementor-background-overlay\"><\/div>\n\t\t\t\t\t\t\t<div class=\"elementor-container elementor-column-gap-no\">\n\t\t\t\t\t<div class=\"elementor-column elementor-col-100 elementor-top-column elementor-element elementor-element-be68445 elementor-hidden-phone\" data-id=\"be68445\" data-element_type=\"column\">\n\t\t\t<div class=\"elementor-widget-wrap elementor-element-populated\">\n\t\t\t\t\t\t<section class=\"elementor-section elementor-inner-section elementor-element elementor-element-f35b717 elementor-section-height-min-height elementor-section-content-top elementor-hidden-tablet elementor-hidden-phone elementor-section-boxed elementor-section-height-default\" data-id=\"f35b717\" data-element_type=\"section\">\n\t\t\t\t\t\t<div class=\"elementor-container elementor-column-gap-no\">\n\t\t\t\t\t<div class=\"elementor-column elementor-col-50 elementor-inner-column elementor-element elementor-element-2357396\" data-id=\"2357396\" data-element_type=\"column\">\n\t\t\t<div class=\"elementor-widget-wrap elementor-element-populated\">\n\t\t\t\t\t\t<div class=\"elementor-element elementor-element-eba7300 elementor-widget elementor-widget-image\" data-id=\"eba7300\" data-element_type=\"widget\" data-widget_type=\"image.default\">\n\t\t\t\t<div class=\"elementor-widget-container\">\n\t\t\t\t\t\t\t\t\t\t\t\t\t\t\t<img fetchpriority=\"high\" decoding=\"async\" width=\"1920\" height=\"634\" src=\"https:\/\/mapiscine.ch\/wp-content\/uploads\/2021\/02\/version-logo-fond-blanc.png\" class=\"attachment-full size-full wp-image-76\" alt=\"\" srcset=\"https:\/\/mapiscine.ch\/wp-content\/uploads\/2021\/02\/version-logo-fond-blanc.png 1920w, https:\/\/mapiscine.ch\/wp-content\/uploads\/2021\/02\/version-logo-fond-blanc-300x99.png 300w, https:\/\/mapiscine.ch\/wp-content\/uploads\/2021\/02\/version-logo-fond-blanc-1024x338.png 1024w, https:\/\/mapiscine.ch\/wp-content\/uploads\/2021\/02\/version-logo-fond-blanc-768x254.png 768w, https:\/\/mapiscine.ch\/wp-content\/uploads\/2021\/02\/version-logo-fond-blanc-1536x507.png 1536w\" sizes=\"(max-width: 1920px) 100vw, 1920px\" \/>\t\t\t\t\t\t\t\t\t\t\t\t\t\t\t<\/div>\n\t\t\t\t<\/div>\n\t\t\t\t\t<\/div>\n\t\t<\/div>\n\t\t\t\t<div class=\"elementor-column elementor-col-50 elementor-inner-column elementor-element elementor-element-0e0e487\" data-id=\"0e0e487\" data-element_type=\"column\">\n\t\t\t<div class=\"elementor-widget-wrap elementor-element-populated\">\n\t\t\t\t\t\t<div class=\"elementor-element elementor-element-20f8f25 elementor-nav-menu__align-end elementor-nav-menu--dropdown-tablet elementor-nav-menu__text-align-aside elementor-nav-menu--toggle elementor-nav-menu--burger elementor-widget elementor-widget-nav-menu\" data-id=\"20f8f25\" data-element_type=\"widget\" data-settings=\"{&quot;layout&quot;:&quot;horizontal&quot;,&quot;submenu_icon&quot;:{&quot;value&quot;:&quot;&lt;i class=\\&quot;fas fa-caret-down\\&quot;&gt;&lt;\\\/i&gt;&quot;,&quot;library&quot;:&quot;fa-solid&quot;},&quot;toggle&quot;:&quot;burger&quot;}\" data-widget_type=\"nav-menu.default\">\n\t\t\t\t<div class=\"elementor-widget-container\">\n\t\t\t\t\t\t\t\t<nav aria-label=\"Menu\" class=\"elementor-nav-menu--main elementor-nav-menu__container elementor-nav-menu--layout-horizontal e--pointer-text e--animation-grow\">\n\t\t\t\t<ul id=\"menu-1-20f8f25\" class=\"elementor-nav-menu\"><li class=\"trp-language-switcher-container menu-item menu-item-type-post_type menu-item-object-language_switcher current-language-menu-item menu-item-295\"><a href=\"https:\/\/mapiscine.ch\/en\/wp-json\/wp\/v2\/pages\/2770\" class=\"elementor-item elementor-item-anchor menu-link\"><span data-no-translation><span class=\"trp-ls-language-name\">FRAN\u00c7AIS<\/span><\/span><\/a><\/li>\n<li class=\"trp-language-switcher-container menu-item menu-item-type-post_type menu-item-object-language_switcher current-language-menu-item menu-item-294\"><a href=\"https:\/\/mapiscine.ch\/en\/wp-json\/wp\/v2\/pages\/2770\" class=\"elementor-item elementor-item-anchor menu-link\"><span data-no-translation><span class=\"trp-ls-language-name\">ANGLAIS<\/span><\/span><\/a><\/li>\n<\/ul>\t\t\t<\/nav>\n\t\t\t\t\t<div class=\"elementor-menu-toggle\" role=\"button\" tabindex=\"0\" aria-label=\"Menu Toggle\" aria-expanded=\"false\">\n\t\t\t<i aria-hidden=\"true\" role=\"presentation\" class=\"elementor-menu-toggle__icon--open eicon-menu-bar\"><\/i><i aria-hidden=\"true\" role=\"presentation\" class=\"elementor-menu-toggle__icon--close eicon-close\"><\/i>\t\t<\/div>\n\t\t\t\t\t<nav class=\"elementor-nav-menu--dropdown elementor-nav-menu__container\" aria-hidden=\"true\">\n\t\t\t\t<ul id=\"menu-2-20f8f25\" class=\"elementor-nav-menu\"><li class=\"trp-language-switcher-container menu-item menu-item-type-post_type menu-item-object-language_switcher current-language-menu-item menu-item-295\"><a href=\"https:\/\/mapiscine.ch\/en\/wp-json\/wp\/v2\/pages\/2770\" class=\"elementor-item elementor-item-anchor menu-link\" tabindex=\"-1\"><span data-no-translation><span class=\"trp-ls-language-name\">FRAN\u00c7AIS<\/span><\/span><\/a><\/li>\n<li class=\"trp-language-switcher-container menu-item menu-item-type-post_type menu-item-object-language_switcher current-language-menu-item menu-item-294\"><a href=\"https:\/\/mapiscine.ch\/en\/wp-json\/wp\/v2\/pages\/2770\" class=\"elementor-item elementor-item-anchor menu-link\" tabindex=\"-1\"><span data-no-translation><span class=\"trp-ls-language-name\">ANGLAIS<\/span><\/span><\/a><\/li>\n<\/ul>\t\t\t<\/nav>\n\t\t\t\t\t\t<\/div>\n\t\t\t\t<\/div>\n\t\t\t\t\t<\/div>\n\t\t<\/div>\n\t\t\t\t\t<\/div>\n\t\t<\/section>\n\t\t\t\t\t<\/div>\n\t\t<\/div>\n\t\t\t\t\t<\/div>\n\t\t<\/section>\n\t\t\t\t<section class=\"elementor-section elementor-top-section elementor-element elementor-element-d4bd91c elementor-section-full_width elementor-section-stretched elementor-section-height-default elementor-section-height-default\" data-id=\"d4bd91c\" data-element_type=\"section\" data-settings=\"{&quot;stretch_section&quot;:&quot;section-stretched&quot;}\">\n\t\t\t\t\t\t<div class=\"elementor-container elementor-column-gap-default\">\n\t\t\t\t\t<div class=\"elementor-column elementor-col-100 elementor-top-column elementor-element elementor-element-deb441a\" data-id=\"deb441a\" data-element_type=\"column\">\n\t\t\t<div class=\"elementor-widget-wrap elementor-element-populated\">\n\t\t\t\t\t\t<div class=\"elementor-element elementor-element-d11c009 elementor-widget elementor-widget-shortcode\" data-id=\"d11c009\" data-element_type=\"widget\" data-widget_type=\"shortcode.default\">\n\t\t\t\t<div class=\"elementor-widget-container\">\n\t\t\t\t\t\t\t<div class=\"elementor-shortcode\"><div class=\"wsp-container\"><h2 class=\"wsp-pages-title\">Pages<\/h2>\n<ul class=\"wsp-pages-list\">\n<li class=\"page_item page-item-2 menu-item\"><a href=\"https:\/\/mapiscine.ch\/en\/\" class=\"menu-link\">Home<\/a><\/li>\n<li class=\"page_item page-item-344 menu-item\"><a href=\"https:\/\/mapiscine.ch\/en\/amenagement-paysager\/\" class=\"menu-link\">Landscaping<\/a><\/li>\n<li class=\"page_item page-item-343 menu-item\"><a href=\"https:\/\/mapiscine.ch\/en\/bien-etre\/\" class=\"menu-link\">Wellness<\/a><\/li>\n<li class=\"page_item page-item-6110 menu-item\"><a href=\"https:\/\/mapiscine.ch\/en\/blog\/\" class=\"menu-link\">Blog<\/a><\/li>\n<li class=\"page_item page-item-354 menu-item\"><a href=\"https:\/\/mapiscine.ch\/en\/conditions-generales-de-vente\/\" class=\"menu-link\">TERMS OF SALES<\/a><\/li>\n<li class=\"page_item page-item-357 menu-item\"><a href=\"https:\/\/mapiscine.ch\/en\/contact\/\" class=\"menu-link\">Contact<\/a><\/li>\n<li class=\"page_item page-item-6011 menu-item\"><a href=\"https:\/\/mapiscine.ch\/en\/form\/\" class=\"menu-link\">Form<\/a><\/li>\n<li class=\"page_item page-item-342 menu-item\"><a href=\"https:\/\/mapiscine.ch\/en\/jacuzzis\/\" class=\"menu-link\">Jacuzzis<\/a><\/li>\n<li class=\"page_item page-item-352 menu-item\"><a href=\"https:\/\/mapiscine.ch\/en\/la-compagnie-du-bien-etre\/\" class=\"menu-link\">The Compagnie du Bien-\u00catre<\/a><\/li>\n<li class=\"page_item page-item-5867 menu-item\"><a href=\"https:\/\/mapiscine.ch\/en\/mini-piscine\/\" class=\"menu-link\">Mini Piscine<\/a><\/li>\n<li class=\"page_item page-item-338 menu-item\"><a href=\"https:\/\/mapiscine.ch\/en\/nos-equipements-confort\/\" class=\"menu-link\">Nos \u00e9quipements \u00ab\u00a0confort\u00a0\u00bb<\/a><\/li>\n<li class=\"page_item page-item-330 menu-item\"><a href=\"https:\/\/mapiscine.ch\/en\/notre-savoir-faire\/\" class=\"menu-link\">Our know-how<\/a><\/li>\n<li class=\"page_item page-item-4463 menu-item\"><a href=\"https:\/\/mapiscine.ch\/en\/piscine-biodesign\/\" class=\"menu-link\">Piscine Biodesign<\/a><\/li>\n<li class=\"page_item page-item-4461 menu-item\"><a href=\"https:\/\/mapiscine.ch\/en\/piscine-bois\/\" class=\"menu-link\">Piscine Bois<\/a><\/li>\n<li class=\"page_item page-item-336 menu-item\"><a href=\"https:\/\/mapiscine.ch\/en\/piscine-a-debordement\/\" class=\"menu-link\">Overflow<\/a><\/li>\n<li class=\"page_item page-item-340 menu-item\"><a href=\"https:\/\/mapiscine.ch\/en\/piscine-interieure\/\" class=\"menu-link\">Indoor<\/a><\/li>\n<li class=\"page_item page-item-339 menu-item\"><a href=\"https:\/\/mapiscine.ch\/en\/piscine-miroir\/\" class=\"menu-link\">Mirror<\/a><\/li>\n<li class=\"page_item page-item-332 menu-item\"><a href=\"https:\/\/mapiscine.ch\/en\/piscine-monocoque\/\" class=\"menu-link\">Monohull<\/a><\/li>\n<li class=\"page_item page-item-334 menu-item\"><a href=\"https:\/\/mapiscine.ch\/en\/piscine-traditionnelle-beton\/\" class=\"menu-link\">Traditional concrete<\/a><\/li>\n<li class=\"page_item page-item-327 menu-item\"><a href=\"https:\/\/mapiscine.ch\/en\/piscines\/\" class=\"menu-link\">SWIMMING POOLS<\/a><\/li>\n<li class=\"page_item page-item-2770 menu-item\"><a href=\"https:\/\/mapiscine.ch\/en\/plan-de-site\/\" class=\"menu-link\">Plan de site<\/a><\/li>\n<li class=\"page_item page-item-355 menu-item\"><a href=\"https:\/\/mapiscine.ch\/en\/politique-de-cookies\/\" class=\"menu-link\">Politique de Cookies<\/a><\/li>\n<li class=\"page_item page-item-341 menu-item\"><a href=\"https:\/\/mapiscine.ch\/en\/revetements-etancheiete\/\" class=\"menu-link\">Coatings &amp; Waterproofing<\/a><\/li>\n<\/ul>\n<\/div><\/div>\n\t\t\t\t\t\t<\/div>\n\t\t\t\t<\/div>\n\t\t\t\t\t<\/div>\n\t\t<\/div>\n\t\t\t\t\t<\/div>\n\t\t<\/section>\n\t\t\t\t<\/div>","protected":false},"excerpt":{"rendered":"","protected":false},"author":1,"featured_media":0,"parent":0,"menu_order":0,"comment_status":"closed","ping_status":"closed","template":"","meta":{"_uf_show_specific_survey":0,"_uf_disable_surveys":false,"site-sidebar-layout":"no-sidebar","site-content-layout":"page-builder","ast-site-content-layout":"default","site-content-style":"default","site-sidebar-style":"default","ast-global-header-display":"","ast-banner-title-visibility":"","ast-main-header-display":"","ast-hfb-above-header-display":"","ast-hfb-below-header-display":"","ast-hfb-mobile-header-display":"","site-post-title":"disabled","ast-breadcrumbs-content":"","ast-featured-img":"disabled","footer-sml-layout":"","ast-disable-related-posts":"","theme-transparent-header-meta":"default","adv-header-id-meta":"","stick-header-meta":"","header-above-stick-meta":"","header-main-stick-meta":"","header-below-stick-meta":"","astra-migrate-meta-layouts":"default","ast-page-background-enabled":"default","ast-page-background-meta":{"desktop":{"background-color":"","background-image":"","background-repeat":"repeat","background-position":"center center","background-size":"auto","background-attachment":"scroll","background-type":"","background-media":"","overlay-type":"","overlay-color":"","overlay-opacity":"","overlay-gradient":""},"tablet":{"background-color":"","background-image":"","background-repeat":"repeat","background-position":"center center","background-size":"auto","background-attachment":"scroll","background-type":"","background-media":"","overlay-type":"","overlay-color":"","overlay-opacity":"","overlay-gradient":""},"mobile":{"background-color":"","background-image":"","background-repeat":"repeat","background-position":"center center","background-size":"auto","background-attachment":"scroll","background-type":"","background-media":"","overlay-type":"","overlay-color":"","overlay-opacity":"","overlay-gradient":""}},"ast-content-background-meta":{"desktop":{"background-color":"var(--ast-global-color-5)","background-image":"","background-repeat":"repeat","background-position":"center center","background-size":"auto","background-attachment":"scroll","background-type":"","background-media":"","overlay-type":"","overlay-color":"","overlay-opacity":"","overlay-gradient":""},"tablet":{"background-color":"var(--ast-global-color-5)","background-image":"","background-repeat":"repeat","background-position":"center center","background-size":"auto","background-attachment":"scroll","background-type":"","background-media":"","overlay-type":"","overlay-color":"","overlay-opacity":"","overlay-gradient":""},"mobile":{"background-color":"var(--ast-global-color-5)","background-image":"","background-repeat":"repeat","background-position":"center center","background-size":"auto","background-attachment":"scroll","background-type":"","background-media":"","overlay-type":"","overlay-color":"","overlay-opacity":"","overlay-gradient":""}},"footnotes":""},"class_list":["post-2770","page","type-page","status-publish","hentry"],"yoast_head":"<!-- This site is optimized with the Yoast SEO plugin v24.7 - https:\/\/yoast.com\/wordpress\/plugins\/seo\/ -->\n<title>Plan de site ~ La Compagnie du Bien-\u00catre<\/title>\n<meta name=\"robots\" content=\"index, follow, max-snippet:-1, max-image-preview:large, max-video-preview:-1\" \/>\n<link rel=\"canonical\" href=\"https:\/\/mapiscine.ch\/en\/plan-de-site\/\" \/>\n<meta property=\"og:locale\" content=\"en_GB\" \/>\n<meta property=\"og:type\" content=\"article\" \/>\n<meta property=\"og:title\" content=\"Plan de site ~ La Compagnie du Bien-\u00catre\" \/>\n<meta property=\"og:url\" content=\"https:\/\/mapiscine.ch\/en\/plan-de-site\/\" \/>\n<meta property=\"og:site_name\" content=\"La Compagnie du Bien-\u00catre\" \/>\n<meta property=\"article:publisher\" content=\"https:\/\/www.facebook.com\/mapiscine.ch\" \/>\n<meta property=\"article:modified_time\" content=\"2022-03-10T13:18:26+00:00\" \/>\n<meta property=\"og:image\" content=\"https:\/\/mapiscine.ch\/wp-content\/uploads\/2021\/02\/version-logo-fond-blanc.png\" \/>\n<meta name=\"twitter:card\" content=\"summary_large_image\" \/>\n<meta name=\"twitter:label1\" content=\"Estimated reading time\" \/>\n\t<meta name=\"twitter:data1\" content=\"1 minute\" \/>\n<script type=\"application\/ld+json\" class=\"yoast-schema-graph\">{\"@context\":\"https:\/\/schema.org\",\"@graph\":[{\"@type\":\"WebPage\",\"@id\":\"https:\/\/mapiscine.ch\/plan-de-site\/\",\"url\":\"https:\/\/mapiscine.ch\/plan-de-site\/\",\"name\":\"Plan de site ~ La Compagnie du Bien-\u00catre\",\"isPartOf\":{\"@id\":\"https:\/\/mapiscine.ch\/#website\"},\"primaryImageOfPage\":{\"@id\":\"https:\/\/mapiscine.ch\/plan-de-site\/#primaryimage\"},\"image\":{\"@id\":\"https:\/\/mapiscine.ch\/plan-de-site\/#primaryimage\"},\"thumbnailUrl\":\"https:\/\/mapiscine.ch\/wp-content\/uploads\/2021\/02\/version-logo-fond-blanc.png\",\"datePublished\":\"2021-02-20T15:07:24+00:00\",\"dateModified\":\"2022-03-10T13:18:26+00:00\",\"breadcrumb\":{\"@id\":\"https:\/\/mapiscine.ch\/plan-de-site\/#breadcrumb\"},\"inLanguage\":\"en-GB\",\"potentialAction\":[{\"@type\":\"ReadAction\",\"target\":[\"https:\/\/mapiscine.ch\/plan-de-site\/\"]}]},{\"@type\":\"ImageObject\",\"inLanguage\":\"en-GB\",\"@id\":\"https:\/\/mapiscine.ch\/plan-de-site\/#primaryimage\",\"url\":\"https:\/\/mapiscine.ch\/wp-content\/uploads\/2021\/02\/version-logo-fond-blanc.png\",\"contentUrl\":\"https:\/\/mapiscine.ch\/wp-content\/uploads\/2021\/02\/version-logo-fond-blanc.png\"},{\"@type\":\"BreadcrumbList\",\"@id\":\"https:\/\/mapiscine.ch\/plan-de-site\/#breadcrumb\",\"itemListElement\":[{\"@type\":\"ListItem\",\"position\":1,\"name\":\"Accueil\",\"item\":\"https:\/\/mapiscine.ch\/\"},{\"@type\":\"ListItem\",\"position\":2,\"name\":\"Plan de site\"}]},{\"@type\":\"WebSite\",\"@id\":\"https:\/\/mapiscine.ch\/#website\",\"url\":\"https:\/\/mapiscine.ch\/\",\"name\":\"La Compagnie du Bien-\u00catre\",\"description\":\"\",\"publisher\":{\"@id\":\"https:\/\/mapiscine.ch\/#organization\"},\"alternateName\":\"Constructeur de piscines de r\u00e9f\u00e9rence sur Gen\u00e8ve bas\u00e9 a Th\u00f4nex\",\"potentialAction\":[{\"@type\":\"SearchAction\",\"target\":{\"@type\":\"EntryPoint\",\"urlTemplate\":\"https:\/\/mapiscine.ch\/?s={search_term_string}\"},\"query-input\":{\"@type\":\"PropertyValueSpecification\",\"valueRequired\":true,\"valueName\":\"search_term_string\"}}],\"inLanguage\":\"en-GB\"},{\"@type\":\"Organization\",\"@id\":\"https:\/\/mapiscine.ch\/#organization\",\"name\":\"La Compagnie du Bien-\u00catre\",\"url\":\"https:\/\/mapiscine.ch\/\",\"logo\":{\"@type\":\"ImageObject\",\"inLanguage\":\"en-GB\",\"@id\":\"https:\/\/mapiscine.ch\/#\/schema\/logo\/image\/\",\"url\":\"https:\/\/mapiscine.ch\/wp-content\/uploads\/2021\/02\/Favicon-logo_seul.png\",\"contentUrl\":\"https:\/\/mapiscine.ch\/wp-content\/uploads\/2021\/02\/Favicon-logo_seul.png\",\"width\":1357,\"height\":1358,\"caption\":\"La Compagnie du Bien-\u00catre\"},\"image\":{\"@id\":\"https:\/\/mapiscine.ch\/#\/schema\/logo\/image\/\"},\"sameAs\":[\"https:\/\/www.facebook.com\/mapiscine.ch\"]}]}<\/script>\n<!-- \/ Yoast SEO plugin. -->","yoast_head_json":{"title":"Plan de site ~ La Compagnie du Bien-\u00catre","robots":{"index":"index","follow":"follow","max-snippet":"max-snippet:-1","max-image-preview":"max-image-preview:large","max-video-preview":"max-video-preview:-1"},"canonical":"https:\/\/mapiscine.ch\/en\/plan-de-site\/","og_locale":"en_GB","og_type":"article","og_title":"Plan de site ~ La Compagnie du Bien-\u00catre","og_url":"https:\/\/mapiscine.ch\/en\/plan-de-site\/","og_site_name":"La Compagnie du Bien-\u00catre","article_publisher":"https:\/\/www.facebook.com\/mapiscine.ch","article_modified_time":"2022-03-10T13:18:26+00:00","og_image":[{"url":"https:\/\/mapiscine.ch\/wp-content\/uploads\/2021\/02\/version-logo-fond-blanc.png","type":"","width":"","height":""}],"twitter_card":"summary_large_image","twitter_misc":{"Estimated reading time":"1 minute"},"schema":{"@context":"https:\/\/schema.org","@graph":[{"@type":"WebPage","@id":"https:\/\/mapiscine.ch\/plan-de-site\/","url":"https:\/\/mapiscine.ch\/plan-de-site\/","name":"Plan de site ~ La Compagnie du Bien-\u00catre","isPartOf":{"@id":"https:\/\/mapiscine.ch\/#website"},"primaryImageOfPage":{"@id":"https:\/\/mapiscine.ch\/plan-de-site\/#primaryimage"},"image":{"@id":"https:\/\/mapiscine.ch\/plan-de-site\/#primaryimage"},"thumbnailUrl":"https:\/\/mapiscine.ch\/wp-content\/uploads\/2021\/02\/version-logo-fond-blanc.png","datePublished":"2021-02-20T15:07:24+00:00","dateModified":"2022-03-10T13:18:26+00:00","breadcrumb":{"@id":"https:\/\/mapiscine.ch\/plan-de-site\/#breadcrumb"},"inLanguage":"en-GB","potentialAction":[{"@type":"ReadAction","target":["https:\/\/mapiscine.ch\/plan-de-site\/"]}]},{"@type":"ImageObject","inLanguage":"en-GB","@id":"https:\/\/mapiscine.ch\/plan-de-site\/#primaryimage","url":"https:\/\/mapiscine.ch\/wp-content\/uploads\/2021\/02\/version-logo-fond-blanc.png","contentUrl":"https:\/\/mapiscine.ch\/wp-content\/uploads\/2021\/02\/version-logo-fond-blanc.png"},{"@type":"BreadcrumbList","@id":"https:\/\/mapiscine.ch\/plan-de-site\/#breadcrumb","itemListElement":[{"@type":"ListItem","position":1,"name":"Accueil","item":"https:\/\/mapiscine.ch\/"},{"@type":"ListItem","position":2,"name":"Plan de site"}]},{"@type":"WebSite","@id":"https:\/\/mapiscine.ch\/#website","url":"https:\/\/mapiscine.ch\/","name":"The Compagnie du Bien-\u00catre","description":"","publisher":{"@id":"https:\/\/mapiscine.ch\/#organization"},"alternateName":"Constructeur de piscines de r\u00e9f\u00e9rence sur Gen\u00e8ve bas\u00e9 a Th\u00f4nex","potentialAction":[{"@type":"SearchAction","target":{"@type":"EntryPoint","urlTemplate":"https:\/\/mapiscine.ch\/?s={search_term_string}"},"query-input":{"@type":"PropertyValueSpecification","valueRequired":true,"valueName":"search_term_string"}}],"inLanguage":"en-GB"},{"@type":"Organization","@id":"https:\/\/mapiscine.ch\/#organization","name":"The Compagnie du Bien-\u00catre","url":"https:\/\/mapiscine.ch\/","logo":{"@type":"ImageObject","inLanguage":"en-GB","@id":"https:\/\/mapiscine.ch\/#\/schema\/logo\/image\/","url":"https:\/\/mapiscine.ch\/wp-content\/uploads\/2021\/02\/Favicon-logo_seul.png","contentUrl":"https:\/\/mapiscine.ch\/wp-content\/uploads\/2021\/02\/Favicon-logo_seul.png","width":1357,"height":1358,"caption":"La Compagnie du Bien-\u00catre"},"image":{"@id":"https:\/\/mapiscine.ch\/#\/schema\/logo\/image\/"},"sameAs":["https:\/\/www.facebook.com\/mapiscine.ch"]}]}},"_links":{"self":[{"href":"https:\/\/mapiscine.ch\/en\/wp-json\/wp\/v2\/pages\/2770","targetHints":{"allow":["GET"]}}],"collection":[{"href":"https:\/\/mapiscine.ch\/en\/wp-json\/wp\/v2\/pages"}],"about":[{"href":"https:\/\/mapiscine.ch\/en\/wp-json\/wp\/v2\/types\/page"}],"author":[{"embeddable":true,"href":"https:\/\/mapiscine.ch\/en\/wp-json\/wp\/v2\/users\/1"}],"replies":[{"embeddable":true,"href":"https:\/\/mapiscine.ch\/en\/wp-json\/wp\/v2\/comments?post=2770"}],"version-history":[{"count":11,"href":"https:\/\/mapiscine.ch\/en\/wp-json\/wp\/v2\/pages\/2770\/revisions"}],"predecessor-version":[{"id":5805,"href":"https:\/\/mapiscine.ch\/en\/wp-json\/wp\/v2\/pages\/2770\/revisions\/5805"}],"wp:attachment":[{"href":"https:\/\/mapiscine.ch\/en\/wp-json\/wp\/v2\/media?parent=2770"}],"curies":[{"name":"wp","href":"https:\/\/api.w.org\/{rel}","templated":true}]}}